{"id":77,"date":"2015-11-29T21:57:37","date_gmt":"2015-11-29T21:57:37","guid":{"rendered":"http:\/\/test.themakers.work\/?page_id=77"},"modified":"2024-07-24T10:14:49","modified_gmt":"2024-07-24T09:14:49","slug":"vita-biosa","status":"publish","type":"page","link":"https:\/\/www.wirnsperger.org\/?page_id=77","title":{"rendered":"Vita Biosa"},"content":{"rendered":"<h5><a name=\"5084679854135d401\"><\/a>Beschreibung<\/h5>\n<p><b>Vita Biosa &#8211; ein fermentiertes Kr\u00e4utergetr\u00e4nk<br \/>\n<\/b><br \/>\nVita Biosa Nahrungserg\u00e4nzung ist eine Mischung aus aromatischen Kr\u00e4utern und anderen Pflanzen, fermentiert mit einer besonderen Mischung aus Milchs\u00e4ure- und Hefebakterien. Durch die Milchs\u00e4ure entsteht w\u00e4hrend des Fermentierungsvorgangs ein niedriger PH-Wert von etwa 3.5. Der niedrige PH-Wert verhindert die Entwicklung sch\u00e4dlicher Bakterien im trinkfertigen Getr\u00e4nk.<\/p>\n<h5><\/h5>\n<h5><strong>In welcher Menge sollte Vita Biosa eingenommen werden?<\/strong><\/h5>\n<p>Erfahrungsgem\u00e4\u00df 30-50ml pro Tag, aufgeteilt auf 2 oder 3 Dosierungen am Tag<br \/>\nMan kann gefahrlos auch mehr nehmen.<br \/>\nDie meisten Menschen m\u00f6gen es in Wasser verd\u00fcnnt. Aber auch pure Einnahme ist m\u00f6glich, wenn man den sauren Geschmack mag.<\/p>\n<h5><\/h5>\n<h5><strong>Wie lange sollte man Vita Biosa einnehmen?<\/strong><\/h5>\n<p>Das kann jeder f\u00fcr sich selbst bestimmen. Als &#8222;Kur&#8220; eingenommen sollte man es einige Wochen regelm\u00e4\u00dfig nehmen. Eine l\u00e4ngere Einnahme schadet keinesfalls.<\/p>\n<h3><\/h3>\n<h5><strong>Literaturempfehlung?<\/strong><\/h5>\n<p>&#8222;Kraftquelle Vita Biosa&#8220;, H Salmannsperger, Natur-Pur-Verlag, ISBN 0-9736099-0-7<\/p>\n<h3><\/h3>\n<h5><b>Was geschieht im Darm?<\/b><\/h5>\n<p>Einerseits verdr\u00e4ngen die Mikroorganismen in Vita Biosa die\u00a0<b>sch\u00e4dlichen<\/b> Bakterien und Pilze, die es in unserem Darm gibt, andererseits baut Vita Biosa die Darmflora wieder auf und verhindert somit Verstopfung und die Bildung von Giftstoffen. Die Mikroorganismen sorgen f\u00fcr ein\u00a0<b>gesundes Gleichgewicht<\/b> im Darm und f\u00fcr ein besseres \u201aInnenklima&#8216; im K\u00f6rper.<\/p>\n<p>Eine der Eigenschaften Vita Biosa ist es,\u00a0<b>Antioxidantien<\/b> zu produzieren. Antioxidantien eliminieren die freien Radikalen im K\u00f6rper; freie Radikalen rufen gro\u00dfe Probleme im K\u00f6rper hervor.<\/p>\n<p><b>Dreifache Wirkung<\/b><\/p>\n<p>&#8211; <strong>Die Milchs\u00e4ure<\/strong> reguliert den pH-Wert im Verdauungstrakt. Sie hat einen hemmenden Einfluss auf F\u00e4ulnisbakterien, Parasiten und andere unerw\u00fcnschte Mikroorganismen, wie zum Beispiel Salmonellen. Hierdurch haben die n\u00fctzlichen Bakterien im Verdauungstrakt bessere M\u00f6glichkeiten sich zu vermehren und eine gesunde Verdauungsbasis zu schaffen, damit die Nahrung so verdaut wird, dass der K\u00f6rper die N\u00e4hrstoffe gut aufnehmen kann. Gleichzeitig werden Abfallstoffe ausgeschieden, so dass sie sich nicht im K\u00f6rper ablagern k\u00f6nnen.<\/p>\n<p><b>&#8211; Die Kr\u00e4utermischung<\/b> besteht aus: S\u00fcssholzwurzel, Petersilie, Dill, Minze, Thymian, Basilikum, Majoran, Roter Sonnenhut, Bockshornkleesamen, Brennessel, Seegras und Traubenkernen. Diese Kr\u00e4uter sind seit Jahrhunderten f\u00fcr die Pflege der Gesundheit im Gebrauch. Die Kr\u00e4uter haben eine wohltuende Wirkung auf die Verdauung und versorgen den Organismus mit wichtigen Antioxidantien, die der Entwicklung von freien Radikalen entgegenwirken.<\/p>\n<p><b>&#8211; Vita Biosa<\/b> <b>stellt das Gleichgewicht im Darm wieder her.<\/b> Es enth\u00e4lt Milchs\u00e4urebakterien, die sich aufgrund des niedrigen pH-Wertes und mangelnder Nahrung in einem Ruhezustand befinden. Wenn diese in den K\u00f6rper gelangen, beginnen sie sich wieder zu vermehren. Milchs\u00e4urebakterien arbeiten mit anderen n\u00fctzlichen Mikroorganismen im Darm zusammen und k\u00f6nnen sich gegen\u00fcber anderen sch\u00e4dlichen Mikroorganismen behaupten und diese dezimieren.<\/p>\n<p><strong>Wie wichtig<\/strong> eine gesunde Darmflora ist, ist uns wahrscheinlich noch zu wenig bewusst und Gegenstand von einer steigenden Zahl an Forschungen. Erfahrungen vieler Patienten sprechen eine \u00fcberzeugende Sprache.<\/p>\n<p>Vita Biosa ist in manchen Drogeriem\u00e4rkten sowie \u00fcber viele Internetanbieter erh\u00e4ltlich. (Im Internetversand betragen aktuell die Kosten ca 37Euro). Eine kleine Menge haben wir in den Praxen vorr\u00e4tig, bitte um Mitteilung, wenn Sie dies bei uns direkt abholen wollen. (Kosten: 35 Euro)<\/p>\n","protected":false},"excerpt":{"rendered":"<p>Beschreibung Vita Biosa &#8211; ein fermentiertes Kr\u00e4utergetr\u00e4nk Vita Biosa Nahrungserg\u00e4nzung ist eine Mischung aus aromatischen Kr\u00e4utern und anderen Pflanzen, fermentiert mit einer [&hellip;]<\/p>\n","protected":false},"author":1,"featured_media":0,"parent":69,"menu_order":0,"comment_status":"closed","ping_status":"closed","template":"","meta":{"footnotes":""},"class_list":["post-77","page","type-page","status-publish","hentry"],"yoast_head":"<!-- This site is optimized with the Yoast SEO plugin v27.5 - https:\/\/yoast.com\/product\/yoast-seo-wordpress\/ -->\n<title>Vita Biosa - Gesundheitspraxis<\/title>\n<meta name=\"robots\" content=\"index, follow, max-snippet:-1, max-image-preview:large, max-video-preview:-1\" \/>\n<link rel=\"canonical\" href=\"https:\/\/www.wirnsperger.org\/?page_id=77\" \/>\n<meta property=\"og:locale\" content=\"de_DE\" \/>\n<meta property=\"og:type\" content=\"article\" \/>\n<meta property=\"og:title\" content=\"Vita Biosa - Gesundheitspraxis\" \/>\n<meta property=\"og:description\" content=\"Beschreibung Vita Biosa &#8211; ein fermentiertes Kr\u00e4utergetr\u00e4nk Vita Biosa Nahrungserg\u00e4nzung ist eine Mischung aus aromatischen Kr\u00e4utern und anderen Pflanzen, fermentiert mit einer [&hellip;]\" \/>\n<meta property=\"og:url\" content=\"https:\/\/www.wirnsperger.org\/?page_id=77\" \/>\n<meta property=\"og:site_name\" content=\"Gesundheitspraxis\" \/>\n<meta property=\"article:modified_time\" content=\"2024-07-24T09:14:49+00:00\" \/>\n<meta name=\"twitter:card\" content=\"summary_large_image\" \/>\n<meta name=\"twitter:label1\" content=\"Gesch\u00e4tzte Lesezeit\" \/>\n\t<meta name=\"twitter:data1\" content=\"3\u00a0Minuten\" \/>\n<script type=\"application\/ld+json\" class=\"yoast-schema-graph\">{\"@context\":\"https:\\\/\\\/schema.org\",\"@graph\":[{\"@type\":\"WebPage\",\"@id\":\"https:\\\/\\\/www.wirnsperger.org\\\/?page_id=77\",\"url\":\"https:\\\/\\\/www.wirnsperger.org\\\/?page_id=77\",\"name\":\"Vita Biosa - Gesundheitspraxis\",\"isPartOf\":{\"@id\":\"https:\\\/\\\/www.wirnsperger.org\\\/#website\"},\"datePublished\":\"2015-11-29T21:57:37+00:00\",\"dateModified\":\"2024-07-24T09:14:49+00:00\",\"breadcrumb\":{\"@id\":\"https:\\\/\\\/www.wirnsperger.org\\\/?page_id=77#breadcrumb\"},\"inLanguage\":\"de\",\"potentialAction\":[{\"@type\":\"ReadAction\",\"target\":[\"https:\\\/\\\/www.wirnsperger.org\\\/?page_id=77\"]}]},{\"@type\":\"BreadcrumbList\",\"@id\":\"https:\\\/\\\/www.wirnsperger.org\\\/?page_id=77#breadcrumb\",\"itemListElement\":[{\"@type\":\"ListItem\",\"position\":1,\"name\":\"Startseite\",\"item\":\"https:\\\/\\\/www.wirnsperger.org\\\/\"},{\"@type\":\"ListItem\",\"position\":2,\"name\":\"Angebot\",\"item\":\"https:\\\/\\\/www.wirnsperger.org\\\/?page_id=6\"},{\"@type\":\"ListItem\",\"position\":3,\"name\":\"Produkte\",\"item\":\"https:\\\/\\\/www.wirnsperger.org\\\/?page_id=69\"},{\"@type\":\"ListItem\",\"position\":4,\"name\":\"Vita Biosa\"}]},{\"@type\":\"WebSite\",\"@id\":\"https:\\\/\\\/www.wirnsperger.org\\\/#website\",\"url\":\"https:\\\/\\\/www.wirnsperger.org\\\/\",\"name\":\"Gesundheitspraxis\",\"description\":\"Dr. Michael Wirnsperger\",\"potentialAction\":[{\"@type\":\"SearchAction\",\"target\":{\"@type\":\"EntryPoint\",\"urlTemplate\":\"https:\\\/\\\/www.wirnsperger.org\\\/?s={search_term_string}\"},\"query-input\":{\"@type\":\"PropertyValueSpecification\",\"valueRequired\":true,\"valueName\":\"search_term_string\"}}],\"inLanguage\":\"de\"}]}<\/script>\n<!-- \/ Yoast SEO plugin. -->","yoast_head_json":{"title":"Vita Biosa - Gesundheitspraxis","robots":{"index":"index","follow":"follow","max-snippet":"max-snippet:-1","max-image-preview":"max-image-preview:large","max-video-preview":"max-video-preview:-1"},"canonical":"https:\/\/www.wirnsperger.org\/?page_id=77","og_locale":"de_DE","og_type":"article","og_title":"Vita Biosa - Gesundheitspraxis","og_description":"Beschreibung Vita Biosa &#8211; ein fermentiertes Kr\u00e4utergetr\u00e4nk Vita Biosa Nahrungserg\u00e4nzung ist eine Mischung aus aromatischen Kr\u00e4utern und anderen Pflanzen, fermentiert mit einer [&hellip;]","og_url":"https:\/\/www.wirnsperger.org\/?page_id=77","og_site_name":"Gesundheitspraxis","article_modified_time":"2024-07-24T09:14:49+00:00","twitter_card":"summary_large_image","twitter_misc":{"Gesch\u00e4tzte Lesezeit":"3\u00a0Minuten"},"schema":{"@context":"https:\/\/schema.org","@graph":[{"@type":"WebPage","@id":"https:\/\/www.wirnsperger.org\/?page_id=77","url":"https:\/\/www.wirnsperger.org\/?page_id=77","name":"Vita Biosa - Gesundheitspraxis","isPartOf":{"@id":"https:\/\/www.wirnsperger.org\/#website"},"datePublished":"2015-11-29T21:57:37+00:00","dateModified":"2024-07-24T09:14:49+00:00","breadcrumb":{"@id":"https:\/\/www.wirnsperger.org\/?page_id=77#breadcrumb"},"inLanguage":"de","potentialAction":[{"@type":"ReadAction","target":["https:\/\/www.wirnsperger.org\/?page_id=77"]}]},{"@type":"BreadcrumbList","@id":"https:\/\/www.wirnsperger.org\/?page_id=77#breadcrumb","itemListElement":[{"@type":"ListItem","position":1,"name":"Startseite","item":"https:\/\/www.wirnsperger.org\/"},{"@type":"ListItem","position":2,"name":"Angebot","item":"https:\/\/www.wirnsperger.org\/?page_id=6"},{"@type":"ListItem","position":3,"name":"Produkte","item":"https:\/\/www.wirnsperger.org\/?page_id=69"},{"@type":"ListItem","position":4,"name":"Vita Biosa"}]},{"@type":"WebSite","@id":"https:\/\/www.wirnsperger.org\/#website","url":"https:\/\/www.wirnsperger.org\/","name":"Gesundheitspraxis","description":"Dr. Michael Wirnsperger","potentialAction":[{"@type":"SearchAction","target":{"@type":"EntryPoint","urlTemplate":"https:\/\/www.wirnsperger.org\/?s={search_term_string}"},"query-input":{"@type":"PropertyValueSpecification","valueRequired":true,"valueName":"search_term_string"}}],"inLanguage":"de"}]}},"_links":{"self":[{"href":"https:\/\/www.wirnsperger.org\/index.php?rest_route=\/wp\/v2\/pages\/77","targetHints":{"allow":["GET"]}}],"collection":[{"href":"https:\/\/www.wirnsperger.org\/index.php?rest_route=\/wp\/v2\/pages"}],"about":[{"href":"https:\/\/www.wirnsperger.org\/index.php?rest_route=\/wp\/v2\/types\/page"}],"author":[{"embeddable":true,"href":"https:\/\/www.wirnsperger.org\/index.php?rest_route=\/wp\/v2\/users\/1"}],"replies":[{"embeddable":true,"href":"https:\/\/www.wirnsperger.org\/index.php?rest_route=%2Fwp%2Fv2%2Fcomments&post=77"}],"version-history":[{"count":11,"href":"https:\/\/www.wirnsperger.org\/index.php?rest_route=\/wp\/v2\/pages\/77\/revisions"}],"predecessor-version":[{"id":1032,"href":"https:\/\/www.wirnsperger.org\/index.php?rest_route=\/wp\/v2\/pages\/77\/revisions\/1032"}],"up":[{"embeddable":true,"href":"https:\/\/www.wirnsperger.org\/index.php?rest_route=\/wp\/v2\/pages\/69"}],"wp:attachment":[{"href":"https:\/\/www.wirnsperger.org\/index.php?rest_route=%2Fwp%2Fv2%2Fmedia&parent=77"}],"curies":[{"name":"wp","href":"https:\/\/api.w.org\/{rel}","templated":true}]}}