{"id":75,"date":"2015-11-29T21:53:06","date_gmt":"2015-11-29T21:53:06","guid":{"rendered":"http:\/\/test.themakers.work\/?page_id=75"},"modified":"2024-07-24T10:12:06","modified_gmt":"2024-07-24T09:12:06","slug":"alen","status":"publish","type":"page","link":"https:\/\/www.wirnsperger.org\/?page_id=75","title":{"rendered":"Alen"},"content":{"rendered":"<p>Nat\u00fcrliches n\u00e4hrstoffhaltiges Aufbau-Nahrungsmittel, das ich selbst seit mehreren Jahren regelm\u00e4\u00dfig einnehme und sehr sch\u00e4tze!<\/p>\n<p><b>Alen <\/b>ist ein besonders mineralstoffreiches nat\u00fcrliches Aufbaunahrungsmittel, vor allem reich an Spurenelementen, die f\u00fcr die Zellfunktionen und den Stoffwechsel wichtig sind.<br \/>\nHergestellt wird <b>Alen <\/b>aus Getreidekleien, Weizenkeimen, Soja, Meeresalgen-Extrakten (aus chemisch unbehandelten Pflanzen und Algen).<br \/>\nDas besondere an <b>Alen <\/b>ist, dass die in ihm enthaltenen Substanzen nicht nachtr\u00e4glich zugesetzt werden, sondern die Pflanzen diese aus dem vulkanischen Boden Ecuadors, der au\u00dfergew\u00f6hnlich reich an Vitalstoffen ist, aufnehmen.<br \/>\nDies ergibt eine gro\u00dfe biologische Verf\u00fcgbarkeit der verschiedenen Wirkstoffe.<br \/>\nAlen ist steril hergestellt und verpackt.<br \/>\nIn Zeiten erh\u00f6hter Belastung oder der Rekonvaleszenz ben\u00f6tigt der Organismus vermehrt Aufbaustoffe, Mineralstoffe und Vitamine. <b>Alen <\/b>kann deshalb als Aufbaumittel bei verst\u00e4rkter Belastung, wie auch bei Mangelerscheinungen mit entsprechenden Symptomen eingenommen werden.<br \/>\nEs wirkt appetitregulierend nach oben oder nach unten, je nach Bedarf (Regeneration des Zellstoffwechsels und Energiehaushalts bei Mangelerscheinungen, entschlackende Wirkung bei \u00dcber- oder Fehlern\u00e4hrung).<\/p>\n<p><i>Anwendungsbereiche:<br \/>\n<\/i>St\u00e4rkung der Abwehrf\u00e4higkeit des Organismus erh\u00f6hte Widerstandsf\u00e4higkeit z.B. gegen Grippe und auch andere Infekte bei Verdauungsst\u00f6rungen, allgemeinem Unwohlsein<br \/>\nSt\u00e4rkung der geistigen Dynamik, Konzentrationsf\u00e4higkeit und Vitalit\u00e4t in Stresssituationen<br \/>\nSport<br \/>\nzur Linderung bei Rheuma- und Arthritisleiden, Gelenksbeschwerden bei begr\u00fcndetem Wunsch zur Gewichtsabnahme bei erh\u00f6htem Cholesterinwert, Diabetes, bei fr\u00fchzeitiger Gewebsalterung bei Hautproblemen<br \/>\nzur St\u00e4rkung der Fingern\u00e4gel, des Haarwuchses, der Haare<br \/>\nSteigerung der Entgiftungsvorg\u00e4nge (50%ige Abnahme der Quecksilberspeicher im K\u00f6rper nach 6 monatiger Einnahme)<\/p>\n<p><i>Einnahme und Dosierung:<br \/>\n<\/i>Als Aufbaumittel sollte Alen regelm\u00e4\u00dfig \u00fcber einen l\u00e4ngeren Zeitraum eingenommen werden.<br \/>\nAnsonsten kann es nach Bedarf und Empfinden eingenommen werden.<br \/>\nAlen kann in Bircherm\u00fcesli, Joghurt, Milch, Topfenspeisen, Suppen, Wasser gemischt werden.<\/p>\n<p>Die ersten 4 Tage 1 Teel\u00f6ffel morgens, dann steigernd auf 1 Teel\u00f6ffel morgens und am sp\u00e4ten Nachmittag (Bei starkem Bedarf bis auf 2x einen Essl\u00f6ffel).<\/p>\n<p><a href=\"http:\/\/www.alen-eveliza.com\/de\/products\" target=\"_blank\" rel=\"noopener\">weitere Informationen zu Alen<\/a><\/p>\n<p><strong>Wo kann man Alen erhalten?<\/strong><\/p>\n<p>In manchen Drogeriem\u00e4rkten ist Alen erh\u00e4ltlich; \u00fcber Internet gibt es viel Anbieter, derzeit betragen die Kosten pro Kilogramm je nach H\u00e4ndler ca 90 Euro.<\/p>\n","protected":false},"excerpt":{"rendered":"<p>Nat\u00fcrliches n\u00e4hrstoffhaltiges Aufbau-Nahrungsmittel, das ich selbst seit mehreren Jahren regelm\u00e4\u00dfig einnehme und sehr sch\u00e4tze! Alen ist ein besonders mineralstoffreiches nat\u00fcrliches Aufbaunahrungsmittel, vor [&hellip;]<\/p>\n","protected":false},"author":1,"featured_media":0,"parent":69,"menu_order":0,"comment_status":"closed","ping_status":"closed","template":"","meta":{"footnotes":""},"class_list":["post-75","page","type-page","status-publish","hentry"],"yoast_head":"<!-- This site is optimized with the Yoast SEO plugin v27.5 - https:\/\/yoast.com\/product\/yoast-seo-wordpress\/ -->\n<title>Alen - Gesundheitspraxis<\/title>\n<meta name=\"robots\" content=\"index, follow, max-snippet:-1, max-image-preview:large, max-video-preview:-1\" \/>\n<link rel=\"canonical\" href=\"https:\/\/www.wirnsperger.org\/?page_id=75\" \/>\n<meta property=\"og:locale\" content=\"de_DE\" \/>\n<meta property=\"og:type\" content=\"article\" \/>\n<meta property=\"og:title\" content=\"Alen - Gesundheitspraxis\" \/>\n<meta property=\"og:description\" content=\"Nat\u00fcrliches n\u00e4hrstoffhaltiges Aufbau-Nahrungsmittel, das ich selbst seit mehreren Jahren regelm\u00e4\u00dfig einnehme und sehr sch\u00e4tze! Alen ist ein besonders mineralstoffreiches nat\u00fcrliches Aufbaunahrungsmittel, vor [&hellip;]\" \/>\n<meta property=\"og:url\" content=\"https:\/\/www.wirnsperger.org\/?page_id=75\" \/>\n<meta property=\"og:site_name\" content=\"Gesundheitspraxis\" \/>\n<meta property=\"article:modified_time\" content=\"2024-07-24T09:12:06+00:00\" \/>\n<meta name=\"twitter:card\" content=\"summary_large_image\" \/>\n<meta name=\"twitter:label1\" content=\"Gesch\u00e4tzte Lesezeit\" \/>\n\t<meta name=\"twitter:data1\" content=\"2\u00a0Minuten\" \/>\n<script type=\"application\/ld+json\" class=\"yoast-schema-graph\">{\"@context\":\"https:\\\/\\\/schema.org\",\"@graph\":[{\"@type\":\"WebPage\",\"@id\":\"https:\\\/\\\/www.wirnsperger.org\\\/?page_id=75\",\"url\":\"https:\\\/\\\/www.wirnsperger.org\\\/?page_id=75\",\"name\":\"Alen - Gesundheitspraxis\",\"isPartOf\":{\"@id\":\"https:\\\/\\\/www.wirnsperger.org\\\/#website\"},\"datePublished\":\"2015-11-29T21:53:06+00:00\",\"dateModified\":\"2024-07-24T09:12:06+00:00\",\"breadcrumb\":{\"@id\":\"https:\\\/\\\/www.wirnsperger.org\\\/?page_id=75#breadcrumb\"},\"inLanguage\":\"de\",\"potentialAction\":[{\"@type\":\"ReadAction\",\"target\":[\"https:\\\/\\\/www.wirnsperger.org\\\/?page_id=75\"]}]},{\"@type\":\"BreadcrumbList\",\"@id\":\"https:\\\/\\\/www.wirnsperger.org\\\/?page_id=75#breadcrumb\",\"itemListElement\":[{\"@type\":\"ListItem\",\"position\":1,\"name\":\"Startseite\",\"item\":\"https:\\\/\\\/www.wirnsperger.org\\\/\"},{\"@type\":\"ListItem\",\"position\":2,\"name\":\"Angebot\",\"item\":\"https:\\\/\\\/www.wirnsperger.org\\\/?page_id=6\"},{\"@type\":\"ListItem\",\"position\":3,\"name\":\"Produkte\",\"item\":\"https:\\\/\\\/www.wirnsperger.org\\\/?page_id=69\"},{\"@type\":\"ListItem\",\"position\":4,\"name\":\"Alen\"}]},{\"@type\":\"WebSite\",\"@id\":\"https:\\\/\\\/www.wirnsperger.org\\\/#website\",\"url\":\"https:\\\/\\\/www.wirnsperger.org\\\/\",\"name\":\"Gesundheitspraxis\",\"description\":\"Dr. Michael Wirnsperger\",\"potentialAction\":[{\"@type\":\"SearchAction\",\"target\":{\"@type\":\"EntryPoint\",\"urlTemplate\":\"https:\\\/\\\/www.wirnsperger.org\\\/?s={search_term_string}\"},\"query-input\":{\"@type\":\"PropertyValueSpecification\",\"valueRequired\":true,\"valueName\":\"search_term_string\"}}],\"inLanguage\":\"de\"}]}<\/script>\n<!-- \/ Yoast SEO plugin. -->","yoast_head_json":{"title":"Alen - Gesundheitspraxis","robots":{"index":"index","follow":"follow","max-snippet":"max-snippet:-1","max-image-preview":"max-image-preview:large","max-video-preview":"max-video-preview:-1"},"canonical":"https:\/\/www.wirnsperger.org\/?page_id=75","og_locale":"de_DE","og_type":"article","og_title":"Alen - Gesundheitspraxis","og_description":"Nat\u00fcrliches n\u00e4hrstoffhaltiges Aufbau-Nahrungsmittel, das ich selbst seit mehreren Jahren regelm\u00e4\u00dfig einnehme und sehr sch\u00e4tze! Alen ist ein besonders mineralstoffreiches nat\u00fcrliches Aufbaunahrungsmittel, vor [&hellip;]","og_url":"https:\/\/www.wirnsperger.org\/?page_id=75","og_site_name":"Gesundheitspraxis","article_modified_time":"2024-07-24T09:12:06+00:00","twitter_card":"summary_large_image","twitter_misc":{"Gesch\u00e4tzte Lesezeit":"2\u00a0Minuten"},"schema":{"@context":"https:\/\/schema.org","@graph":[{"@type":"WebPage","@id":"https:\/\/www.wirnsperger.org\/?page_id=75","url":"https:\/\/www.wirnsperger.org\/?page_id=75","name":"Alen - Gesundheitspraxis","isPartOf":{"@id":"https:\/\/www.wirnsperger.org\/#website"},"datePublished":"2015-11-29T21:53:06+00:00","dateModified":"2024-07-24T09:12:06+00:00","breadcrumb":{"@id":"https:\/\/www.wirnsperger.org\/?page_id=75#breadcrumb"},"inLanguage":"de","potentialAction":[{"@type":"ReadAction","target":["https:\/\/www.wirnsperger.org\/?page_id=75"]}]},{"@type":"BreadcrumbList","@id":"https:\/\/www.wirnsperger.org\/?page_id=75#breadcrumb","itemListElement":[{"@type":"ListItem","position":1,"name":"Startseite","item":"https:\/\/www.wirnsperger.org\/"},{"@type":"ListItem","position":2,"name":"Angebot","item":"https:\/\/www.wirnsperger.org\/?page_id=6"},{"@type":"ListItem","position":3,"name":"Produkte","item":"https:\/\/www.wirnsperger.org\/?page_id=69"},{"@type":"ListItem","position":4,"name":"Alen"}]},{"@type":"WebSite","@id":"https:\/\/www.wirnsperger.org\/#website","url":"https:\/\/www.wirnsperger.org\/","name":"Gesundheitspraxis","description":"Dr. Michael Wirnsperger","potentialAction":[{"@type":"SearchAction","target":{"@type":"EntryPoint","urlTemplate":"https:\/\/www.wirnsperger.org\/?s={search_term_string}"},"query-input":{"@type":"PropertyValueSpecification","valueRequired":true,"valueName":"search_term_string"}}],"inLanguage":"de"}]}},"_links":{"self":[{"href":"https:\/\/www.wirnsperger.org\/index.php?rest_route=\/wp\/v2\/pages\/75","targetHints":{"allow":["GET"]}}],"collection":[{"href":"https:\/\/www.wirnsperger.org\/index.php?rest_route=\/wp\/v2\/pages"}],"about":[{"href":"https:\/\/www.wirnsperger.org\/index.php?rest_route=\/wp\/v2\/types\/page"}],"author":[{"embeddable":true,"href":"https:\/\/www.wirnsperger.org\/index.php?rest_route=\/wp\/v2\/users\/1"}],"replies":[{"embeddable":true,"href":"https:\/\/www.wirnsperger.org\/index.php?rest_route=%2Fwp%2Fv2%2Fcomments&post=75"}],"version-history":[{"count":5,"href":"https:\/\/www.wirnsperger.org\/index.php?rest_route=\/wp\/v2\/pages\/75\/revisions"}],"predecessor-version":[{"id":1028,"href":"https:\/\/www.wirnsperger.org\/index.php?rest_route=\/wp\/v2\/pages\/75\/revisions\/1028"}],"up":[{"embeddable":true,"href":"https:\/\/www.wirnsperger.org\/index.php?rest_route=\/wp\/v2\/pages\/69"}],"wp:attachment":[{"href":"https:\/\/www.wirnsperger.org\/index.php?rest_route=%2Fwp%2Fv2%2Fmedia&parent=75"}],"curies":[{"name":"wp","href":"https:\/\/api.w.org\/{rel}","templated":true}]}}