{"id":696,"date":"2018-06-21T09:01:53","date_gmt":"2018-06-21T08:01:53","guid":{"rendered":"https:\/\/www.wirnsperger.org\/?page_id=696"},"modified":"2018-07-15T19:22:26","modified_gmt":"2018-07-15T18:22:26","slug":"sonnenbrille","status":"publish","type":"page","link":"https:\/\/www.wirnsperger.org\/?page_id=696","title":{"rendered":"Sonnenbrille"},"content":{"rendered":"<p>Eine Sonnenbrille, die zum Fliegen getragen wird muss eine neutrale F\u00e4rbung aufweisen (grau oder braun), damit eine Beeinflussung des Farberkennungsverm\u00f6gens ausgeschlossen bzw. minimiert werden kann.\u00a0Insbesondere ist auf farbig get\u00f6nte Sonnenbrillen oder Brillen mit Gl\u00e4sern, die eine besondere Filterung des blauen Lichtanteils bewirken zu verzichten.<\/p>\n<p>Polarisierende Gl\u00e4ser d\u00fcrfen nicht verwendet werden, da diese eventuell mit polarisierend wirkenden Cockpitscheiben interferieren.<\/p>\n<p>T\u00f6nung der Gl\u00e4ser, die 85 % \u00fcberschreitet sollte nicht zur Anwendung kommen.<\/p>\n<p>Bei selbstt\u00f6nenden Sonnenbrillen l\u00e4uft die Geschwindigkeit des Abdunkelungs- wie des Aufhellungsprozesses der Gl\u00e4ser verz\u00f6gert ab, was zur Blendung bei schnellen Wechseln der Lichtverh\u00e4ltnisse f\u00fchren kann. Zus\u00e4tzlich ist die Geschwindigkeit der Selbstt\u00f6nung von verschiedenen Umweltfaktoren beeinflusst. Auf die Verwendung selbstt\u00f6nender Sonnenbrillen sollte daher verzichtet werden.<\/p>\n<p><a href=\"https:\/\/www.wirnsperger.org\/?page_id=11\">zur\u00fcck zur Seite &#8222;Fliegerarzt&#8220;<\/a><\/p>\n","protected":false},"excerpt":{"rendered":"<p>Eine Sonnenbrille, die zum Fliegen getragen wird muss eine neutrale F\u00e4rbung aufweisen (grau oder braun), damit eine Beeinflussung des Farberkennungsverm\u00f6gens ausgeschlossen bzw. [&hellip;]<\/p>\n","protected":false},"author":7,"featured_media":0,"parent":0,"menu_order":0,"comment_status":"closed","ping_status":"closed","template":"","meta":{"footnotes":""},"class_list":["post-696","page","type-page","status-publish","hentry"],"yoast_head":"<!-- This site is optimized with the Yoast SEO plugin v27.5 - https:\/\/yoast.com\/product\/yoast-seo-wordpress\/ -->\n<title>Sonnenbrille - Gesundheitspraxis<\/title>\n<meta name=\"robots\" content=\"index, follow, max-snippet:-1, max-image-preview:large, max-video-preview:-1\" \/>\n<link rel=\"canonical\" href=\"https:\/\/www.wirnsperger.org\/?page_id=696\" \/>\n<meta property=\"og:locale\" content=\"de_DE\" \/>\n<meta property=\"og:type\" content=\"article\" \/>\n<meta property=\"og:title\" content=\"Sonnenbrille - Gesundheitspraxis\" \/>\n<meta property=\"og:description\" content=\"Eine Sonnenbrille, die zum Fliegen getragen wird muss eine neutrale F\u00e4rbung aufweisen (grau oder braun), damit eine Beeinflussung des Farberkennungsverm\u00f6gens ausgeschlossen bzw. [&hellip;]\" \/>\n<meta property=\"og:url\" content=\"https:\/\/www.wirnsperger.org\/?page_id=696\" \/>\n<meta property=\"og:site_name\" content=\"Gesundheitspraxis\" \/>\n<meta property=\"article:modified_time\" content=\"2018-07-15T18:22:26+00:00\" \/>\n<meta name=\"twitter:card\" content=\"summary_large_image\" \/>\n<meta name=\"twitter:label1\" content=\"Gesch\u00e4tzte Lesezeit\" \/>\n\t<meta name=\"twitter:data1\" content=\"1\u00a0Minute\" \/>\n<script type=\"application\/ld+json\" class=\"yoast-schema-graph\">{\"@context\":\"https:\\\/\\\/schema.org\",\"@graph\":[{\"@type\":\"WebPage\",\"@id\":\"https:\\\/\\\/www.wirnsperger.org\\\/?page_id=696\",\"url\":\"https:\\\/\\\/www.wirnsperger.org\\\/?page_id=696\",\"name\":\"Sonnenbrille - Gesundheitspraxis\",\"isPartOf\":{\"@id\":\"https:\\\/\\\/www.wirnsperger.org\\\/#website\"},\"datePublished\":\"2018-06-21T08:01:53+00:00\",\"dateModified\":\"2018-07-15T18:22:26+00:00\",\"breadcrumb\":{\"@id\":\"https:\\\/\\\/www.wirnsperger.org\\\/?page_id=696#breadcrumb\"},\"inLanguage\":\"de\",\"potentialAction\":[{\"@type\":\"ReadAction\",\"target\":[\"https:\\\/\\\/www.wirnsperger.org\\\/?page_id=696\"]}]},{\"@type\":\"BreadcrumbList\",\"@id\":\"https:\\\/\\\/www.wirnsperger.org\\\/?page_id=696#breadcrumb\",\"itemListElement\":[{\"@type\":\"ListItem\",\"position\":1,\"name\":\"Startseite\",\"item\":\"https:\\\/\\\/www.wirnsperger.org\\\/\"},{\"@type\":\"ListItem\",\"position\":2,\"name\":\"Sonnenbrille\"}]},{\"@type\":\"WebSite\",\"@id\":\"https:\\\/\\\/www.wirnsperger.org\\\/#website\",\"url\":\"https:\\\/\\\/www.wirnsperger.org\\\/\",\"name\":\"Gesundheitspraxis\",\"description\":\"Dr. Michael Wirnsperger\",\"potentialAction\":[{\"@type\":\"SearchAction\",\"target\":{\"@type\":\"EntryPoint\",\"urlTemplate\":\"https:\\\/\\\/www.wirnsperger.org\\\/?s={search_term_string}\"},\"query-input\":{\"@type\":\"PropertyValueSpecification\",\"valueRequired\":true,\"valueName\":\"search_term_string\"}}],\"inLanguage\":\"de\"}]}<\/script>\n<!-- \/ Yoast SEO plugin. -->","yoast_head_json":{"title":"Sonnenbrille - Gesundheitspraxis","robots":{"index":"index","follow":"follow","max-snippet":"max-snippet:-1","max-image-preview":"max-image-preview:large","max-video-preview":"max-video-preview:-1"},"canonical":"https:\/\/www.wirnsperger.org\/?page_id=696","og_locale":"de_DE","og_type":"article","og_title":"Sonnenbrille - Gesundheitspraxis","og_description":"Eine Sonnenbrille, die zum Fliegen getragen wird muss eine neutrale F\u00e4rbung aufweisen (grau oder braun), damit eine Beeinflussung des Farberkennungsverm\u00f6gens ausgeschlossen bzw. [&hellip;]","og_url":"https:\/\/www.wirnsperger.org\/?page_id=696","og_site_name":"Gesundheitspraxis","article_modified_time":"2018-07-15T18:22:26+00:00","twitter_card":"summary_large_image","twitter_misc":{"Gesch\u00e4tzte Lesezeit":"1\u00a0Minute"},"schema":{"@context":"https:\/\/schema.org","@graph":[{"@type":"WebPage","@id":"https:\/\/www.wirnsperger.org\/?page_id=696","url":"https:\/\/www.wirnsperger.org\/?page_id=696","name":"Sonnenbrille - Gesundheitspraxis","isPartOf":{"@id":"https:\/\/www.wirnsperger.org\/#website"},"datePublished":"2018-06-21T08:01:53+00:00","dateModified":"2018-07-15T18:22:26+00:00","breadcrumb":{"@id":"https:\/\/www.wirnsperger.org\/?page_id=696#breadcrumb"},"inLanguage":"de","potentialAction":[{"@type":"ReadAction","target":["https:\/\/www.wirnsperger.org\/?page_id=696"]}]},{"@type":"BreadcrumbList","@id":"https:\/\/www.wirnsperger.org\/?page_id=696#breadcrumb","itemListElement":[{"@type":"ListItem","position":1,"name":"Startseite","item":"https:\/\/www.wirnsperger.org\/"},{"@type":"ListItem","position":2,"name":"Sonnenbrille"}]},{"@type":"WebSite","@id":"https:\/\/www.wirnsperger.org\/#website","url":"https:\/\/www.wirnsperger.org\/","name":"Gesundheitspraxis","description":"Dr. Michael Wirnsperger","potentialAction":[{"@type":"SearchAction","target":{"@type":"EntryPoint","urlTemplate":"https:\/\/www.wirnsperger.org\/?s={search_term_string}"},"query-input":{"@type":"PropertyValueSpecification","valueRequired":true,"valueName":"search_term_string"}}],"inLanguage":"de"}]}},"_links":{"self":[{"href":"https:\/\/www.wirnsperger.org\/index.php?rest_route=\/wp\/v2\/pages\/696","targetHints":{"allow":["GET"]}}],"collection":[{"href":"https:\/\/www.wirnsperger.org\/index.php?rest_route=\/wp\/v2\/pages"}],"about":[{"href":"https:\/\/www.wirnsperger.org\/index.php?rest_route=\/wp\/v2\/types\/page"}],"author":[{"embeddable":true,"href":"https:\/\/www.wirnsperger.org\/index.php?rest_route=\/wp\/v2\/users\/7"}],"replies":[{"embeddable":true,"href":"https:\/\/www.wirnsperger.org\/index.php?rest_route=%2Fwp%2Fv2%2Fcomments&post=696"}],"version-history":[{"count":3,"href":"https:\/\/www.wirnsperger.org\/index.php?rest_route=\/wp\/v2\/pages\/696\/revisions"}],"predecessor-version":[{"id":735,"href":"https:\/\/www.wirnsperger.org\/index.php?rest_route=\/wp\/v2\/pages\/696\/revisions\/735"}],"wp:attachment":[{"href":"https:\/\/www.wirnsperger.org\/index.php?rest_route=%2Fwp%2Fv2%2Fmedia&parent=696"}],"curies":[{"name":"wp","href":"https:\/\/api.w.org\/{rel}","templated":true}]}}