{"id":654,"date":"2018-02-10T19:58:12","date_gmt":"2018-02-10T18:58:12","guid":{"rendered":"https:\/\/www.wirnsperger.org\/?page_id=654"},"modified":"2018-07-15T19:19:24","modified_gmt":"2018-07-15T18:19:24","slug":"ifr","status":"publish","type":"page","link":"https:\/\/www.wirnsperger.org\/?page_id=654","title":{"rendered":"IFR"},"content":{"rendered":"<p><img fetchpriority=\"high\" decoding=\"async\" class=\"size-medium wp-image-661 alignright\" src=\"https:\/\/www.wirnsperger.org\/wp-content\/uploads\/2018\/02\/2018-01-30-19.11.49-300x225.jpg\" alt=\"\" width=\"300\" height=\"225\" srcset=\"https:\/\/www.wirnsperger.org\/wp-content\/uploads\/2018\/02\/2018-01-30-19.11.49-300x225.jpg 300w, https:\/\/www.wirnsperger.org\/wp-content\/uploads\/2018\/02\/2018-01-30-19.11.49-768x576.jpg 768w, https:\/\/www.wirnsperger.org\/wp-content\/uploads\/2018\/02\/2018-01-30-19.11.49-1024x768.jpg 1024w, https:\/\/www.wirnsperger.org\/wp-content\/uploads\/2018\/02\/2018-01-30-19.11.49-830x623.jpg 830w, https:\/\/www.wirnsperger.org\/wp-content\/uploads\/2018\/02\/2018-01-30-19.11.49-230x173.jpg 230w, https:\/\/www.wirnsperger.org\/wp-content\/uploads\/2018\/02\/2018-01-30-19.11.49-350x263.jpg 350w, https:\/\/www.wirnsperger.org\/wp-content\/uploads\/2018\/02\/2018-01-30-19.11.49-480x360.jpg 480w, https:\/\/www.wirnsperger.org\/wp-content\/uploads\/2018\/02\/2018-01-30-19.11.49.jpg 1600w\" sizes=\"(max-width: 300px) 100vw, 300px\" \/><\/p>\n<p>Wenn Sie bereits eine g\u00fcltige Lizenz haben, nun zus\u00e4tzlich die IFR &#8211; Berechtigung oder IFR- Enroute &#8211; Berechtigung erwerben wollen, muss auch Ihr Medical die IFR &#8211; Berechtigung beinhalten (&#8222;IR-Checked&#8220;).<\/p>\n<p>Daf\u00fcr muss kein neues Medical beantragt und keine allgemeine medizinische Untersuchung gemacht werden, es gen\u00fcgt, die f\u00fcr IFR spezifisch vorgeschriebenen Untersuchungen bei einem AME nachzumachen (zB &#8222;Audiomterie&#8220;), um &#8222;IR&#8220; im Medical zus\u00e4tzlich einzutragen. Die G\u00fcltigkeitsdauer des Medicals \u00e4ndert sich dadurch nicht.<\/p>\n<p><a href=\"https:\/\/www.wirnsperger.org\/?page_id=11\">zur\u00fcck zur Seite &#8222;Fliegerarzt&#8220;<\/a><\/p>\n","protected":false},"excerpt":{"rendered":"<p>Wenn Sie bereits eine g\u00fcltige Lizenz haben, nun zus\u00e4tzlich die IFR &#8211; Berechtigung oder IFR- Enroute &#8211; Berechtigung erwerben wollen, muss auch [&hellip;]<\/p>\n","protected":false},"author":7,"featured_media":0,"parent":11,"menu_order":0,"comment_status":"closed","ping_status":"closed","template":"","meta":{"footnotes":""},"class_list":["post-654","page","type-page","status-publish","hentry"],"yoast_head":"<!-- This site is optimized with the Yoast SEO plugin v27.5 - https:\/\/yoast.com\/product\/yoast-seo-wordpress\/ -->\n<title>IFR - Gesundheitspraxis<\/title>\n<meta name=\"robots\" content=\"index, follow, max-snippet:-1, max-image-preview:large, max-video-preview:-1\" \/>\n<link rel=\"canonical\" href=\"https:\/\/www.wirnsperger.org\/?page_id=654\" \/>\n<meta property=\"og:locale\" content=\"de_DE\" \/>\n<meta property=\"og:type\" content=\"article\" \/>\n<meta property=\"og:title\" content=\"IFR - Gesundheitspraxis\" \/>\n<meta property=\"og:description\" content=\"Wenn Sie bereits eine g\u00fcltige Lizenz haben, nun zus\u00e4tzlich die IFR &#8211; Berechtigung oder IFR- Enroute &#8211; Berechtigung erwerben wollen, muss auch [&hellip;]\" \/>\n<meta property=\"og:url\" content=\"https:\/\/www.wirnsperger.org\/?page_id=654\" \/>\n<meta property=\"og:site_name\" content=\"Gesundheitspraxis\" \/>\n<meta property=\"article:modified_time\" content=\"2018-07-15T18:19:24+00:00\" \/>\n<meta property=\"og:image\" content=\"https:\/\/www.wirnsperger.org\/wp-content\/uploads\/2018\/02\/2018-01-30-19.11.49-300x225.jpg\" \/>\n<meta name=\"twitter:card\" content=\"summary_large_image\" \/>\n<script type=\"application\/ld+json\" class=\"yoast-schema-graph\">{\"@context\":\"https:\\\/\\\/schema.org\",\"@graph\":[{\"@type\":\"WebPage\",\"@id\":\"https:\\\/\\\/www.wirnsperger.org\\\/?page_id=654\",\"url\":\"https:\\\/\\\/www.wirnsperger.org\\\/?page_id=654\",\"name\":\"IFR - Gesundheitspraxis\",\"isPartOf\":{\"@id\":\"https:\\\/\\\/www.wirnsperger.org\\\/#website\"},\"primaryImageOfPage\":{\"@id\":\"https:\\\/\\\/www.wirnsperger.org\\\/?page_id=654#primaryimage\"},\"image\":{\"@id\":\"https:\\\/\\\/www.wirnsperger.org\\\/?page_id=654#primaryimage\"},\"thumbnailUrl\":\"https:\\\/\\\/www.wirnsperger.org\\\/wp-content\\\/uploads\\\/2018\\\/02\\\/2018-01-30-19.11.49-300x225.jpg\",\"datePublished\":\"2018-02-10T18:58:12+00:00\",\"dateModified\":\"2018-07-15T18:19:24+00:00\",\"breadcrumb\":{\"@id\":\"https:\\\/\\\/www.wirnsperger.org\\\/?page_id=654#breadcrumb\"},\"inLanguage\":\"de\",\"potentialAction\":[{\"@type\":\"ReadAction\",\"target\":[\"https:\\\/\\\/www.wirnsperger.org\\\/?page_id=654\"]}]},{\"@type\":\"ImageObject\",\"inLanguage\":\"de\",\"@id\":\"https:\\\/\\\/www.wirnsperger.org\\\/?page_id=654#primaryimage\",\"url\":\"https:\\\/\\\/www.wirnsperger.org\\\/wp-content\\\/uploads\\\/2018\\\/02\\\/2018-01-30-19.11.49.jpg\",\"contentUrl\":\"https:\\\/\\\/www.wirnsperger.org\\\/wp-content\\\/uploads\\\/2018\\\/02\\\/2018-01-30-19.11.49.jpg\",\"width\":1600,\"height\":1200},{\"@type\":\"BreadcrumbList\",\"@id\":\"https:\\\/\\\/www.wirnsperger.org\\\/?page_id=654#breadcrumb\",\"itemListElement\":[{\"@type\":\"ListItem\",\"position\":1,\"name\":\"Startseite\",\"item\":\"https:\\\/\\\/www.wirnsperger.org\\\/\"},{\"@type\":\"ListItem\",\"position\":2,\"name\":\"Fliegerarzt\",\"item\":\"https:\\\/\\\/www.wirnsperger.org\\\/?page_id=11\"},{\"@type\":\"ListItem\",\"position\":3,\"name\":\"IFR\"}]},{\"@type\":\"WebSite\",\"@id\":\"https:\\\/\\\/www.wirnsperger.org\\\/#website\",\"url\":\"https:\\\/\\\/www.wirnsperger.org\\\/\",\"name\":\"Gesundheitspraxis\",\"description\":\"Dr. Michael Wirnsperger\",\"potentialAction\":[{\"@type\":\"SearchAction\",\"target\":{\"@type\":\"EntryPoint\",\"urlTemplate\":\"https:\\\/\\\/www.wirnsperger.org\\\/?s={search_term_string}\"},\"query-input\":{\"@type\":\"PropertyValueSpecification\",\"valueRequired\":true,\"valueName\":\"search_term_string\"}}],\"inLanguage\":\"de\"}]}<\/script>\n<!-- \/ Yoast SEO plugin. -->","yoast_head_json":{"title":"IFR - Gesundheitspraxis","robots":{"index":"index","follow":"follow","max-snippet":"max-snippet:-1","max-image-preview":"max-image-preview:large","max-video-preview":"max-video-preview:-1"},"canonical":"https:\/\/www.wirnsperger.org\/?page_id=654","og_locale":"de_DE","og_type":"article","og_title":"IFR - Gesundheitspraxis","og_description":"Wenn Sie bereits eine g\u00fcltige Lizenz haben, nun zus\u00e4tzlich die IFR &#8211; Berechtigung oder IFR- Enroute &#8211; Berechtigung erwerben wollen, muss auch [&hellip;]","og_url":"https:\/\/www.wirnsperger.org\/?page_id=654","og_site_name":"Gesundheitspraxis","article_modified_time":"2018-07-15T18:19:24+00:00","og_image":[{"url":"https:\/\/www.wirnsperger.org\/wp-content\/uploads\/2018\/02\/2018-01-30-19.11.49-300x225.jpg","type":"","width":"","height":""}],"twitter_card":"summary_large_image","schema":{"@context":"https:\/\/schema.org","@graph":[{"@type":"WebPage","@id":"https:\/\/www.wirnsperger.org\/?page_id=654","url":"https:\/\/www.wirnsperger.org\/?page_id=654","name":"IFR - Gesundheitspraxis","isPartOf":{"@id":"https:\/\/www.wirnsperger.org\/#website"},"primaryImageOfPage":{"@id":"https:\/\/www.wirnsperger.org\/?page_id=654#primaryimage"},"image":{"@id":"https:\/\/www.wirnsperger.org\/?page_id=654#primaryimage"},"thumbnailUrl":"https:\/\/www.wirnsperger.org\/wp-content\/uploads\/2018\/02\/2018-01-30-19.11.49-300x225.jpg","datePublished":"2018-02-10T18:58:12+00:00","dateModified":"2018-07-15T18:19:24+00:00","breadcrumb":{"@id":"https:\/\/www.wirnsperger.org\/?page_id=654#breadcrumb"},"inLanguage":"de","potentialAction":[{"@type":"ReadAction","target":["https:\/\/www.wirnsperger.org\/?page_id=654"]}]},{"@type":"ImageObject","inLanguage":"de","@id":"https:\/\/www.wirnsperger.org\/?page_id=654#primaryimage","url":"https:\/\/www.wirnsperger.org\/wp-content\/uploads\/2018\/02\/2018-01-30-19.11.49.jpg","contentUrl":"https:\/\/www.wirnsperger.org\/wp-content\/uploads\/2018\/02\/2018-01-30-19.11.49.jpg","width":1600,"height":1200},{"@type":"BreadcrumbList","@id":"https:\/\/www.wirnsperger.org\/?page_id=654#breadcrumb","itemListElement":[{"@type":"ListItem","position":1,"name":"Startseite","item":"https:\/\/www.wirnsperger.org\/"},{"@type":"ListItem","position":2,"name":"Fliegerarzt","item":"https:\/\/www.wirnsperger.org\/?page_id=11"},{"@type":"ListItem","position":3,"name":"IFR"}]},{"@type":"WebSite","@id":"https:\/\/www.wirnsperger.org\/#website","url":"https:\/\/www.wirnsperger.org\/","name":"Gesundheitspraxis","description":"Dr. Michael Wirnsperger","potentialAction":[{"@type":"SearchAction","target":{"@type":"EntryPoint","urlTemplate":"https:\/\/www.wirnsperger.org\/?s={search_term_string}"},"query-input":{"@type":"PropertyValueSpecification","valueRequired":true,"valueName":"search_term_string"}}],"inLanguage":"de"}]}},"_links":{"self":[{"href":"https:\/\/www.wirnsperger.org\/index.php?rest_route=\/wp\/v2\/pages\/654","targetHints":{"allow":["GET"]}}],"collection":[{"href":"https:\/\/www.wirnsperger.org\/index.php?rest_route=\/wp\/v2\/pages"}],"about":[{"href":"https:\/\/www.wirnsperger.org\/index.php?rest_route=\/wp\/v2\/types\/page"}],"author":[{"embeddable":true,"href":"https:\/\/www.wirnsperger.org\/index.php?rest_route=\/wp\/v2\/users\/7"}],"replies":[{"embeddable":true,"href":"https:\/\/www.wirnsperger.org\/index.php?rest_route=%2Fwp%2Fv2%2Fcomments&post=654"}],"version-history":[{"count":6,"href":"https:\/\/www.wirnsperger.org\/index.php?rest_route=\/wp\/v2\/pages\/654\/revisions"}],"predecessor-version":[{"id":733,"href":"https:\/\/www.wirnsperger.org\/index.php?rest_route=\/wp\/v2\/pages\/654\/revisions\/733"}],"up":[{"embeddable":true,"href":"https:\/\/www.wirnsperger.org\/index.php?rest_route=\/wp\/v2\/pages\/11"}],"wp:attachment":[{"href":"https:\/\/www.wirnsperger.org\/index.php?rest_route=%2Fwp%2Fv2%2Fmedia&parent=654"}],"curies":[{"name":"wp","href":"https:\/\/api.w.org\/{rel}","templated":true}]}}