{"id":462,"date":"2016-11-15T22:30:18","date_gmt":"2016-11-15T21:30:18","guid":{"rendered":"https:\/\/www.wirnsperger.org\/?page_id=462"},"modified":"2025-08-17T00:03:31","modified_gmt":"2025-08-16T23:03:31","slug":"zum-untersuchungstermin-mitbringen","status":"publish","type":"page","link":"https:\/\/www.wirnsperger.org\/?page_id=462","title":{"rendered":"Zum Untersuchungstermin bitte mitbringen:"},"content":{"rendered":"\t\t<div data-elementor-type=\"wp-page\" data-elementor-id=\"462\" class=\"elementor elementor-462\">\n\t\t\t\t<div class=\"elementor-element elementor-element-7e4d7fa1 e-flex e-con-boxed e-con e-parent\" data-id=\"7e4d7fa1\" data-element_type=\"container\">\n\t\t\t\t\t<div class=\"e-con-inner\">\n\t\t\t\t<div class=\"elementor-element elementor-element-6730d2ec elementor-widget elementor-widget-text-editor\" data-id=\"6730d2ec\" data-element_type=\"widget\" data-widget_type=\"text-editor.default\">\n\t\t\t\t<div class=\"elementor-widget-container\">\n\t\t\t\t\t\t\t\t\t<ul>\n<li>Das <em>alte Medical<\/em> muss vorgelegt und vom Flugarzt eingezogen werden<\/li>\n<li>Bringen Sie bitte einen amtlichen <em>Lichtbildausweis<\/em> mit<\/li>\n<li>Bringen Sie, falls Sie Brillentr\u00e4ger sind, bitte die aktuellste <em>Brillerverschreibung<\/em> mit.<\/li>\n<li>Falls Sie <em>Kontaktlinsentr\u00e4ger<\/em> sind, nehmen Sie bitte die Utensilien zum Entfernen bzw. Einsetzen der Kontaktlinsen mit (es ist eine Untersuchung auch ohne Sehbehelf notwendig)<\/li>\n<li>Falls Sie <em>aktuelle \u00e4rztliche Befunde<\/em> sowie Laborwerte zur Verf\u00fcgung haben, bringen Sie diese bitte mit.<\/li>\n<li>F\u00fcr eine <strong>ERSTUNTERSUCHUNG<\/strong>&nbsp; beachten Sie bitte zudem:\n<div>\n<div>Falls Sie an einer <em>Erkrankung<\/em> leiden oder in der Vergangenheit gelitten haben, bringen Sie bitte entsprechende aussagekr\u00e4ftige Befunde mit.<\/div>\n<div>Falls Sie <em>Brillentr\u00e4ger sind oder Kontaktlinsen<\/em> verwenden, sollten Sie bei der Erstuntersuchung einen aktuelle Augen\u00e4rztlichen Bericht mitbringen.<\/div>\n<div>Falls Sie in der Vergangenheit eine <em>Augenoperation oder Augenerkrankung<\/em> gehabt haben, ist ein Augen\u00e4rztlicher Bericht in jedem Fall bei der Erstuntersuchung erforderlich.<\/div>\n<\/div>\n<\/li>\n<li>F\u00fcr die <strong>ERSTE UNTERSUCHUNG nach Erreichen des 40. Lebensjahres<\/strong> muss der Fliegerarzt bei Class 1 und Class 2 Medicals das Risiko f\u00fcr eine Herz-Kreislauf-Erkrankung erheben. Unter Umst\u00e4nden ist daf\u00fcr ein aktuelles Labor (&#8222;Lipide&#8220;) erforderlich.\n<div>&nbsp;<\/div>\n<div><strong>Bei Unklarheiten&nbsp;<\/strong><strong style=\"text-align: var(--text-align);\">z\u00f6gern Sie nicht, uns zu kontaktieren.<\/strong><\/div>\n<div>&nbsp;<\/div>\n<\/li>\n<\/ul>\n<p><a href=\"https:\/\/www.wirnsperger.org\/?page_id=11\">zur\u00fcck zur Seite &#8222;Fliegerarzt&#8220;<\/a><\/p>\t\t\t\t\t\t\t\t<\/div>\n\t\t\t\t<\/div>\n\t\t\t\t\t<\/div>\n\t\t\t\t<\/div>\n\t\t\t\t<\/div>\n\t\t","protected":false},"excerpt":{"rendered":"<p>Das alte Medical muss vorgelegt und vom Flugarzt eingezogen werden Bringen Sie bitte einen amtlichen Lichtbildausweis mit Bringen Sie, falls Sie Brillentr\u00e4ger [&hellip;]<\/p>\n","protected":false},"author":7,"featured_media":0,"parent":0,"menu_order":0,"comment_status":"closed","ping_status":"closed","template":"","meta":{"footnotes":""},"class_list":["post-462","page","type-page","status-publish","hentry"],"yoast_head":"<!-- This site is optimized with the Yoast SEO plugin v27.5 - https:\/\/yoast.com\/product\/yoast-seo-wordpress\/ -->\n<title>Zum Untersuchungstermin bitte mitbringen: - Gesundheitspraxis<\/title>\n<meta name=\"robots\" content=\"index, follow, max-snippet:-1, max-image-preview:large, max-video-preview:-1\" \/>\n<link rel=\"canonical\" href=\"https:\/\/www.wirnsperger.org\/?page_id=462\" \/>\n<meta property=\"og:locale\" content=\"de_DE\" \/>\n<meta property=\"og:type\" content=\"article\" \/>\n<meta property=\"og:title\" content=\"Zum Untersuchungstermin bitte mitbringen: - Gesundheitspraxis\" \/>\n<meta property=\"og:description\" content=\"Das alte Medical muss vorgelegt und vom Flugarzt eingezogen werden Bringen Sie bitte einen amtlichen Lichtbildausweis mit Bringen Sie, falls Sie Brillentr\u00e4ger [&hellip;]\" \/>\n<meta property=\"og:url\" content=\"https:\/\/www.wirnsperger.org\/?page_id=462\" \/>\n<meta property=\"og:site_name\" content=\"Gesundheitspraxis\" \/>\n<meta property=\"article:modified_time\" content=\"2025-08-16T23:03:31+00:00\" \/>\n<meta name=\"twitter:card\" content=\"summary_large_image\" \/>\n<meta name=\"twitter:label1\" content=\"Gesch\u00e4tzte Lesezeit\" \/>\n\t<meta name=\"twitter:data1\" content=\"1\u00a0Minute\" \/>\n<script type=\"application\/ld+json\" class=\"yoast-schema-graph\">{\"@context\":\"https:\\\/\\\/schema.org\",\"@graph\":[{\"@type\":\"WebPage\",\"@id\":\"https:\\\/\\\/www.wirnsperger.org\\\/?page_id=462\",\"url\":\"https:\\\/\\\/www.wirnsperger.org\\\/?page_id=462\",\"name\":\"Zum Untersuchungstermin bitte mitbringen: - Gesundheitspraxis\",\"isPartOf\":{\"@id\":\"https:\\\/\\\/www.wirnsperger.org\\\/#website\"},\"datePublished\":\"2016-11-15T21:30:18+00:00\",\"dateModified\":\"2025-08-16T23:03:31+00:00\",\"breadcrumb\":{\"@id\":\"https:\\\/\\\/www.wirnsperger.org\\\/?page_id=462#breadcrumb\"},\"inLanguage\":\"de\",\"potentialAction\":[{\"@type\":\"ReadAction\",\"target\":[\"https:\\\/\\\/www.wirnsperger.org\\\/?page_id=462\"]}]},{\"@type\":\"BreadcrumbList\",\"@id\":\"https:\\\/\\\/www.wirnsperger.org\\\/?page_id=462#breadcrumb\",\"itemListElement\":[{\"@type\":\"ListItem\",\"position\":1,\"name\":\"Startseite\",\"item\":\"https:\\\/\\\/www.wirnsperger.org\\\/\"},{\"@type\":\"ListItem\",\"position\":2,\"name\":\"Zum Untersuchungstermin bitte mitbringen:\"}]},{\"@type\":\"WebSite\",\"@id\":\"https:\\\/\\\/www.wirnsperger.org\\\/#website\",\"url\":\"https:\\\/\\\/www.wirnsperger.org\\\/\",\"name\":\"Gesundheitspraxis\",\"description\":\"Dr. Michael Wirnsperger\",\"potentialAction\":[{\"@type\":\"SearchAction\",\"target\":{\"@type\":\"EntryPoint\",\"urlTemplate\":\"https:\\\/\\\/www.wirnsperger.org\\\/?s={search_term_string}\"},\"query-input\":{\"@type\":\"PropertyValueSpecification\",\"valueRequired\":true,\"valueName\":\"search_term_string\"}}],\"inLanguage\":\"de\"}]}<\/script>\n<!-- \/ Yoast SEO plugin. -->","yoast_head_json":{"title":"Zum Untersuchungstermin bitte mitbringen: - Gesundheitspraxis","robots":{"index":"index","follow":"follow","max-snippet":"max-snippet:-1","max-image-preview":"max-image-preview:large","max-video-preview":"max-video-preview:-1"},"canonical":"https:\/\/www.wirnsperger.org\/?page_id=462","og_locale":"de_DE","og_type":"article","og_title":"Zum Untersuchungstermin bitte mitbringen: - Gesundheitspraxis","og_description":"Das alte Medical muss vorgelegt und vom Flugarzt eingezogen werden Bringen Sie bitte einen amtlichen Lichtbildausweis mit Bringen Sie, falls Sie Brillentr\u00e4ger [&hellip;]","og_url":"https:\/\/www.wirnsperger.org\/?page_id=462","og_site_name":"Gesundheitspraxis","article_modified_time":"2025-08-16T23:03:31+00:00","twitter_card":"summary_large_image","twitter_misc":{"Gesch\u00e4tzte Lesezeit":"1\u00a0Minute"},"schema":{"@context":"https:\/\/schema.org","@graph":[{"@type":"WebPage","@id":"https:\/\/www.wirnsperger.org\/?page_id=462","url":"https:\/\/www.wirnsperger.org\/?page_id=462","name":"Zum Untersuchungstermin bitte mitbringen: - Gesundheitspraxis","isPartOf":{"@id":"https:\/\/www.wirnsperger.org\/#website"},"datePublished":"2016-11-15T21:30:18+00:00","dateModified":"2025-08-16T23:03:31+00:00","breadcrumb":{"@id":"https:\/\/www.wirnsperger.org\/?page_id=462#breadcrumb"},"inLanguage":"de","potentialAction":[{"@type":"ReadAction","target":["https:\/\/www.wirnsperger.org\/?page_id=462"]}]},{"@type":"BreadcrumbList","@id":"https:\/\/www.wirnsperger.org\/?page_id=462#breadcrumb","itemListElement":[{"@type":"ListItem","position":1,"name":"Startseite","item":"https:\/\/www.wirnsperger.org\/"},{"@type":"ListItem","position":2,"name":"Zum Untersuchungstermin bitte mitbringen:"}]},{"@type":"WebSite","@id":"https:\/\/www.wirnsperger.org\/#website","url":"https:\/\/www.wirnsperger.org\/","name":"Gesundheitspraxis","description":"Dr. Michael Wirnsperger","potentialAction":[{"@type":"SearchAction","target":{"@type":"EntryPoint","urlTemplate":"https:\/\/www.wirnsperger.org\/?s={search_term_string}"},"query-input":{"@type":"PropertyValueSpecification","valueRequired":true,"valueName":"search_term_string"}}],"inLanguage":"de"}]}},"_links":{"self":[{"href":"https:\/\/www.wirnsperger.org\/index.php?rest_route=\/wp\/v2\/pages\/462","targetHints":{"allow":["GET"]}}],"collection":[{"href":"https:\/\/www.wirnsperger.org\/index.php?rest_route=\/wp\/v2\/pages"}],"about":[{"href":"https:\/\/www.wirnsperger.org\/index.php?rest_route=\/wp\/v2\/types\/page"}],"author":[{"embeddable":true,"href":"https:\/\/www.wirnsperger.org\/index.php?rest_route=\/wp\/v2\/users\/7"}],"replies":[{"embeddable":true,"href":"https:\/\/www.wirnsperger.org\/index.php?rest_route=%2Fwp%2Fv2%2Fcomments&post=462"}],"version-history":[{"count":17,"href":"https:\/\/www.wirnsperger.org\/index.php?rest_route=\/wp\/v2\/pages\/462\/revisions"}],"predecessor-version":[{"id":1240,"href":"https:\/\/www.wirnsperger.org\/index.php?rest_route=\/wp\/v2\/pages\/462\/revisions\/1240"}],"wp:attachment":[{"href":"https:\/\/www.wirnsperger.org\/index.php?rest_route=%2Fwp%2Fv2%2Fmedia&parent=462"}],"curies":[{"name":"wp","href":"https:\/\/api.w.org\/{rel}","templated":true}]}}