{"id":172,"date":"2015-11-24T21:46:51","date_gmt":"2015-11-24T21:46:51","guid":{"rendered":"http:\/\/test.themakers.work\/?page_id=4"},"modified":"2025-09-10T11:47:34","modified_gmt":"2025-09-10T10:47:34","slug":"home","status":"publish","type":"page","link":"https:\/\/www.wirnsperger.org\/","title":{"rendered":"Home"},"content":{"rendered":"\n<p><span style=\"color: #003300;\">&#8222;Wer bin ich, wenn ich bin, was ich habe, und dann verliere, was ich habe?&#8220;<\/span><br><i>Erich Fromm, Haben oder Sein<\/i><\/p>\n\n\n\n<h3 class=\"wp-block-heading\">Herzlich willkommen!<\/h3>\n\n\n\n<p><b>Ich freue mich, dass Sie hier auf meiner Internetseite vorbeischauen.<br>St\u00f6bern Sie nach Herzenslust in den verschiedenen Seiten!<\/b><\/p>\n\n\n\n<p>Dr. Michael Wirnsperger,&nbsp;Bludenz \/ Innsbruck<\/p>\n\n\n\n<p class=\"has-vivid-red-color has-text-color has-link-color has-large-font-size wp-elements-a791f5c50538a7c0dc1a09b43639b765\"><\/p>\n\n\n\n<p><\/p>\n\n\n\n<p><\/p>\n\n\n\n<div class=\"wp-block-buttons is-layout-flex wp-block-buttons-is-layout-flex\">\n<div class=\"wp-block-button\"><a class=\"wp-block-button__link wp-element-button\" href=\"https:\/\/calendar.google.com\/calendar\/u\/0\/appointments\/AcZssZ3ROLKK96JALDYja5LD7U5KS3Ygk0m7FVcIhF0=\" target=\"_blank\" rel=\"noreferrer noopener\">ONLINE Terminbuchung<\/a><\/div>\n<\/div>\n\n\n\n<p><a href=\"https:\/\/www.wirnsperger.org\/?page_id=6\">Zu meinen Angeboten<\/a><\/p>\n\n\n\n<p><\/p>\n","protected":false},"excerpt":{"rendered":"<p>&#8222;Wer bin ich, wenn ich bin, was ich habe, und dann verliere, was ich habe?&#8220;Erich Fromm, Haben oder Sein Herzlich willkommen! Ich [&hellip;]<\/p>\n","protected":false},"author":1,"featured_media":0,"parent":0,"menu_order":0,"comment_status":"closed","ping_status":"closed","template":"","meta":{"footnotes":""},"class_list":["post-172","page","type-page","status-publish","hentry"],"yoast_head":"<!-- This site is optimized with the Yoast SEO plugin v27.4 - https:\/\/yoast.com\/product\/yoast-seo-wordpress\/ -->\n<title>Gesundheitspraxis Dr. Michael Wirnsperger<\/title>\n<meta name=\"description\" content=\"Ich bin passionierter Arzt und helfe gerne in folgenden Bereichen: Flugmedizin | Krampfadernver\u00f6dung | Skerosierung | Kochsalzl\u00f6sung | Flugmedizinische F\u00fchrerscheinuntersuchungen | Medical | AME | Aeromedical examiner | EURAMI | HEMS - Fragen? - Besuchen Sie mich auf meiner Website!\" \/>\n<meta name=\"robots\" content=\"index, follow, max-snippet:-1, max-image-preview:large, max-video-preview:-1\" \/>\n<link rel=\"canonical\" href=\"https:\/\/www.wirnsperger.org\/\" \/>\n<meta property=\"og:locale\" content=\"de_DE\" \/>\n<meta property=\"og:type\" content=\"article\" \/>\n<meta property=\"og:title\" content=\"Gesundheitspraxis Dr. Michael Wirnsperger\" \/>\n<meta property=\"og:description\" content=\"Ich bin passionierter Arzt und helfe gerne in folgenden Bereichen: Flugmedizin | Krampfadernver\u00f6dung | Skerosierung | Kochsalzl\u00f6sung | Flugmedizinische F\u00fchrerscheinuntersuchungen | Medical | AME | Aeromedical examiner | EURAMI | HEMS - Fragen? - Besuchen Sie mich auf meiner Website!\" \/>\n<meta property=\"og:url\" content=\"https:\/\/www.wirnsperger.org\/\" \/>\n<meta property=\"og:site_name\" content=\"Gesundheitspraxis\" \/>\n<meta property=\"article:modified_time\" content=\"2025-09-10T10:47:34+00:00\" \/>\n<meta name=\"twitter:card\" content=\"summary_large_image\" \/>\n<meta name=\"twitter:label1\" content=\"Gesch\u00e4tzte Lesezeit\" \/>\n\t<meta name=\"twitter:data1\" content=\"1\u00a0Minute\" \/>\n<script type=\"application\/ld+json\" class=\"yoast-schema-graph\">{\"@context\":\"https:\\\/\\\/schema.org\",\"@graph\":[{\"@type\":\"WebPage\",\"@id\":\"https:\\\/\\\/www.wirnsperger.org\\\/\",\"url\":\"https:\\\/\\\/www.wirnsperger.org\\\/\",\"name\":\"Gesundheitspraxis Dr. Michael Wirnsperger\",\"isPartOf\":{\"@id\":\"https:\\\/\\\/www.wirnsperger.org\\\/#website\"},\"datePublished\":\"2015-11-24T21:46:51+00:00\",\"dateModified\":\"2025-09-10T10:47:34+00:00\",\"description\":\"Ich bin passionierter Arzt und helfe gerne in folgenden Bereichen: Flugmedizin | Krampfadernver\u00f6dung | Skerosierung | Kochsalzl\u00f6sung | Flugmedizinische F\u00fchrerscheinuntersuchungen | Medical | AME | Aeromedical examiner | EURAMI | HEMS - Fragen? - Besuchen Sie mich auf meiner Website!\",\"breadcrumb\":{\"@id\":\"https:\\\/\\\/www.wirnsperger.org\\\/#breadcrumb\"},\"inLanguage\":\"de\",\"potentialAction\":[{\"@type\":\"ReadAction\",\"target\":[\"https:\\\/\\\/www.wirnsperger.org\\\/\"]}]},{\"@type\":\"BreadcrumbList\",\"@id\":\"https:\\\/\\\/www.wirnsperger.org\\\/#breadcrumb\",\"itemListElement\":[{\"@type\":\"ListItem\",\"position\":1,\"name\":\"Startseite\",\"item\":\"https:\\\/\\\/www.wirnsperger.org\\\/\"},{\"@type\":\"ListItem\",\"position\":2,\"name\":\"Home\"}]},{\"@type\":\"WebSite\",\"@id\":\"https:\\\/\\\/www.wirnsperger.org\\\/#website\",\"url\":\"https:\\\/\\\/www.wirnsperger.org\\\/\",\"name\":\"Gesundheitspraxis\",\"description\":\"Dr. Michael Wirnsperger\",\"potentialAction\":[{\"@type\":\"SearchAction\",\"target\":{\"@type\":\"EntryPoint\",\"urlTemplate\":\"https:\\\/\\\/www.wirnsperger.org\\\/?s={search_term_string}\"},\"query-input\":{\"@type\":\"PropertyValueSpecification\",\"valueRequired\":true,\"valueName\":\"search_term_string\"}}],\"inLanguage\":\"de\"}]}<\/script>\n<!-- \/ Yoast SEO plugin. -->","yoast_head_json":{"title":"Gesundheitspraxis Dr. Michael Wirnsperger","description":"Ich bin passionierter Arzt und helfe gerne in folgenden Bereichen: Flugmedizin | Krampfadernver\u00f6dung | Skerosierung | Kochsalzl\u00f6sung | Flugmedizinische F\u00fchrerscheinuntersuchungen | Medical | AME | Aeromedical examiner | EURAMI | HEMS - Fragen? - Besuchen Sie mich auf meiner Website!","robots":{"index":"index","follow":"follow","max-snippet":"max-snippet:-1","max-image-preview":"max-image-preview:large","max-video-preview":"max-video-preview:-1"},"canonical":"https:\/\/www.wirnsperger.org\/","og_locale":"de_DE","og_type":"article","og_title":"Gesundheitspraxis Dr. Michael Wirnsperger","og_description":"Ich bin passionierter Arzt und helfe gerne in folgenden Bereichen: Flugmedizin | Krampfadernver\u00f6dung | Skerosierung | Kochsalzl\u00f6sung | Flugmedizinische F\u00fchrerscheinuntersuchungen | Medical | AME | Aeromedical examiner | EURAMI | HEMS - Fragen? - Besuchen Sie mich auf meiner Website!","og_url":"https:\/\/www.wirnsperger.org\/","og_site_name":"Gesundheitspraxis","article_modified_time":"2025-09-10T10:47:34+00:00","twitter_card":"summary_large_image","twitter_misc":{"Gesch\u00e4tzte Lesezeit":"1\u00a0Minute"},"schema":{"@context":"https:\/\/schema.org","@graph":[{"@type":"WebPage","@id":"https:\/\/www.wirnsperger.org\/","url":"https:\/\/www.wirnsperger.org\/","name":"Gesundheitspraxis Dr. Michael Wirnsperger","isPartOf":{"@id":"https:\/\/www.wirnsperger.org\/#website"},"datePublished":"2015-11-24T21:46:51+00:00","dateModified":"2025-09-10T10:47:34+00:00","description":"Ich bin passionierter Arzt und helfe gerne in folgenden Bereichen: Flugmedizin | Krampfadernver\u00f6dung | Skerosierung | Kochsalzl\u00f6sung | Flugmedizinische F\u00fchrerscheinuntersuchungen | Medical | AME | Aeromedical examiner | EURAMI | HEMS - Fragen? - Besuchen Sie mich auf meiner Website!","breadcrumb":{"@id":"https:\/\/www.wirnsperger.org\/#breadcrumb"},"inLanguage":"de","potentialAction":[{"@type":"ReadAction","target":["https:\/\/www.wirnsperger.org\/"]}]},{"@type":"BreadcrumbList","@id":"https:\/\/www.wirnsperger.org\/#breadcrumb","itemListElement":[{"@type":"ListItem","position":1,"name":"Startseite","item":"https:\/\/www.wirnsperger.org\/"},{"@type":"ListItem","position":2,"name":"Home"}]},{"@type":"WebSite","@id":"https:\/\/www.wirnsperger.org\/#website","url":"https:\/\/www.wirnsperger.org\/","name":"Gesundheitspraxis","description":"Dr. Michael Wirnsperger","potentialAction":[{"@type":"SearchAction","target":{"@type":"EntryPoint","urlTemplate":"https:\/\/www.wirnsperger.org\/?s={search_term_string}"},"query-input":{"@type":"PropertyValueSpecification","valueRequired":true,"valueName":"search_term_string"}}],"inLanguage":"de"}]}},"_links":{"self":[{"href":"https:\/\/www.wirnsperger.org\/index.php?rest_route=\/wp\/v2\/pages\/172","targetHints":{"allow":["GET"]}}],"collection":[{"href":"https:\/\/www.wirnsperger.org\/index.php?rest_route=\/wp\/v2\/pages"}],"about":[{"href":"https:\/\/www.wirnsperger.org\/index.php?rest_route=\/wp\/v2\/types\/page"}],"author":[{"embeddable":true,"href":"https:\/\/www.wirnsperger.org\/index.php?rest_route=\/wp\/v2\/users\/1"}],"replies":[{"embeddable":true,"href":"https:\/\/www.wirnsperger.org\/index.php?rest_route=%2Fwp%2Fv2%2Fcomments&post=172"}],"version-history":[{"count":23,"href":"https:\/\/www.wirnsperger.org\/index.php?rest_route=\/wp\/v2\/pages\/172\/revisions"}],"predecessor-version":[{"id":1245,"href":"https:\/\/www.wirnsperger.org\/index.php?rest_route=\/wp\/v2\/pages\/172\/revisions\/1245"}],"wp:attachment":[{"href":"https:\/\/www.wirnsperger.org\/index.php?rest_route=%2Fwp%2Fv2%2Fmedia&parent=172"}],"curies":[{"name":"wp","href":"https:\/\/api.w.org\/{rel}","templated":true}]}}